{"id":3,"date":"2023-10-06T04:43:35","date_gmt":"2023-10-06T04:43:35","guid":{"rendered":"https:\/\/wordpress-613171-3958547.cloudwaysapps.com\/?page_id=3"},"modified":"2025-07-04T11:02:33","modified_gmt":"2025-07-04T17:02:33","slug":"privacy-policy","status":"publish","type":"page","link":"https:\/\/www.alinity.ca\/fr\/privacy-policy\/","title":{"rendered":"politique de confidentialit\u00e9"},"content":{"rendered":"<p>Softworks Group Inc. s&#039;engage \u00e0 prot\u00e9ger vos informations personnelles. La politique suivante a \u00e9t\u00e9 con\u00e7ue pour respecter cet engagement. La politique d\u00e9crit les informations personnelles possibles que nous collectons \u00e0 votre sujet lorsque vous visitez ce site, comment nous utilisons ces informations et comment nous les prot\u00e9geons.<\/p>\n\n\n\n<p><strong>1. Ce que nous collectons\u00a0:<\/strong><\/p>\n\n\n\n<ul class=\"wp-block-list\">\n<li>Journalisation IP\u00a0: le site enregistre les adresses IP \u00e0 des fins d&#039;administration. Les adresses IP sont enregistr\u00e9es pour suivre la session d&#039;un utilisateur, mais nous ne lions pas les adresses IP \u00e0 des informations personnellement identifiables. Cela signifie que l&#039;utilisateur restera anonyme. Nous faisons cela pour surveiller les pages du site qui sont les mieux utilis\u00e9es.<\/li>\n\n\n\n<li>Informations soumises\u00a0: Notre site vous permet de recevoir des informations en soumettant des demandes ou de postuler \u00e0 un emploi en soumettant des curriculum vitae et des lettres de motivation. Lorsque vous soumettez de telles informations, nous avons besoin de coordonn\u00e9es personnelles (e-mail, adresse postale et num\u00e9ro de t\u00e9l\u00e9phone). Ils sont utilis\u00e9s \u00e0 des fins de communication de suivi et nous les conservons uniquement \u00e0 cette fin.<\/li>\n<\/ul>\n\n\n\n<p><\/p>\n\n\n\n<p><strong>2. Pourquoi utilisons-nous vos informations personnelles\u00a0:<\/strong><\/p>\n\n\n\n<ul class=\"wp-block-list\">\n<li>Pour r\u00e9pondre aux demandes d&#039;informations<\/li>\n\n\n\n<li>Pour r\u00e9pondre aux commentaires et suggestions<\/li>\n\n\n\n<li>G\u00e9rer et d\u00e9velopper notre propre entreprise et nos op\u00e9rations<\/li>\n\n\n\n<li>Pour conna\u00eetre les besoins des clients actuels et potentiels<\/li>\n<\/ul>\n\n\n\n<p><\/p>\n\n\n\n<p><strong>3. Avec qui partageons-nous vos informations personnelles\u00a0:<\/strong><\/p>\n\n\n\n<ul class=\"wp-block-list\">\n<li>Ce n&#039;est que lorsque la loi l&#039;exige que vos informations personnelles seront volontairement fournies \u00e0 un tiers sans votre consentement expr\u00e8s.<\/li>\n<\/ul>\n\n\n\n<p><\/p>\n\n\n\n<p><strong>4. Comment nous prot\u00e9geons vos informations\u00a0:<\/strong><\/p>\n\n\n\n<ul class=\"wp-block-list\">\n<li>Nous utilisons des pratiques de s\u00e9curit\u00e9 standard de l&#039;industrie pour emp\u00eacher la perte, l&#039;alt\u00e9ration ou l&#039;utilisation abusive de vos informations personnelles.<\/li>\n<\/ul>\n\n\n\n<p><\/p>\n\n\n\n<p><strong>5. Combien de temps conservons-nous vos informations\u00a0:<\/strong><\/p>\n\n\n\n<ul class=\"wp-block-list\">\n<li>Les informations personnelles sont conserv\u00e9es afin de r\u00e9pondre \u00e0 la finalit\u00e9 pour laquelle elles ont \u00e9t\u00e9 collect\u00e9es ou de satisfaire \u00e0 des obligations l\u00e9gales. Une fois qu\u2019il n\u2019est plus n\u00e9cessaire \u00e0 l\u2019une ou l\u2019autre de ces fins, il sera supprim\u00e9 ou rendu anonyme.<\/li>\n<\/ul>\n\n\n\n<p><\/p>\n\n\n\n<p><strong>6. Vos droits :<\/strong><\/p>\n\n\n\n<ul class=\"wp-block-list\">\n<li>Vous avez le droit d\u2019acc\u00e9der \u00e0 vos informations en nous contactant par \u00e9crit. Une fois votre identit\u00e9 confirm\u00e9e, nous vous fournirons des copies des informations que nous avons collect\u00e9es via notre site Web. Si, \u00e0 tout moment, vous souhaitez retirer votre consentement, informez-nous par \u00e9crit et nous supprimerons les informations ainsi collect\u00e9es et ne vous contacterons plus, sauf obligation contraire de la loi.<\/li>\n<\/ul>\n\n\n\n<p><\/p>\n\n\n\n<p><strong>7. Avertissement\u00a0:<\/strong><\/p>\n\n\n\n<ul class=\"wp-block-list\">\n<li>Ce site contient des liens vers d&#039;autres sites Web. Nous ne sommes pas responsables des pratiques de confidentialit\u00e9 de ces sites. L&#039;utilisateur doit consulter les politiques de ces sites ind\u00e9pendamment de la n\u00f4tre.<\/li>\n<\/ul>\n\n\n\n<p><\/p>","protected":false},"excerpt":{"rendered":"<p>Softworks Group Inc. is committed to protecting your personal information. The following policy has been designed to achieve this commitment. The policy outlines the possible personal information we collect about you when you visit this site, how we use this information and how we protect it. 1. What we collect: 2. What we use your [&hellip;]<\/p>\n","protected":false},"author":1,"featured_media":0,"parent":0,"menu_order":0,"comment_status":"closed","ping_status":"open","template":"","meta":{"_acf_changed":false,"inline_featured_image":false,"footnotes":""},"class_list":["post-3","page","type-page","status-publish","hentry"],"acf":[],"_links":{"self":[{"href":"https:\/\/www.alinity.ca\/fr\/wp-json\/wp\/v2\/pages\/3","targetHints":{"allow":["GET"]}}],"collection":[{"href":"https:\/\/www.alinity.ca\/fr\/wp-json\/wp\/v2\/pages"}],"about":[{"href":"https:\/\/www.alinity.ca\/fr\/wp-json\/wp\/v2\/types\/page"}],"author":[{"embeddable":true,"href":"https:\/\/www.alinity.ca\/fr\/wp-json\/wp\/v2\/users\/1"}],"replies":[{"embeddable":true,"href":"https:\/\/www.alinity.ca\/fr\/wp-json\/wp\/v2\/comments?post=3"}],"version-history":[{"count":0,"href":"https:\/\/www.alinity.ca\/fr\/wp-json\/wp\/v2\/pages\/3\/revisions"}],"wp:attachment":[{"href":"https:\/\/www.alinity.ca\/fr\/wp-json\/wp\/v2\/media?parent=3"}],"curies":[{"name":"wp","href":"https:\/\/api.w.org\/{rel}","templated":true}]}}